{"id":1894,"date":"2020-09-16T13:01:48","date_gmt":"2020-09-16T11:01:48","guid":{"rendered":"https:\/\/www.riadbaladin.com\/health-precautions\/"},"modified":"2020-10-09T14:30:17","modified_gmt":"2020-10-09T12:30:17","slug":"health-precautions","status":"publish","type":"page","link":"https:\/\/www.riadbaladin.com\/en\/health-precautions\/","title":{"rendered":"HEALTH PRECAUTIONS"},"content":{"rendered":"<h1>HEALTH PRECAUTIONS<\/h1>\n\n\n","protected":false},"excerpt":{"rendered":"<p>HEALTH PRECAUTIONS<\/p>\n","protected":false},"author":1,"featured_media":0,"parent":0,"menu_order":0,"comment_status":"closed","ping_status":"closed","template":"full-width.php","meta":{"_acf_changed":false,"footnotes":""},"class_list":["post-1894","page","type-page","status-publish","hentry"],"acf":[],"yoast_head":"<!-- This site is optimized with the Yoast SEO plugin v27.3 - https:\/\/yoast.com\/product\/yoast-seo-wordpress\/ -->\n<title>HEALTH PRECAUTIONS | Baladin Riad Essaouira<\/title>\n<meta name=\"description\" content=\"For your health and to guarantee your sanitary safety, our establishment respects strict and reinforced precautionary procedures.\" \/>\n<meta name=\"robots\" content=\"index, follow, max-snippet:-1, max-image-preview:large, max-video-preview:-1\" \/>\n<link rel=\"canonical\" href=\"https:\/\/www.riadbaladin.com\/en\/health-precautions\/\" \/>\n<meta property=\"og:locale\" content=\"en_US\" \/>\n<meta property=\"og:type\" content=\"article\" \/>\n<meta property=\"og:title\" content=\"HEALTH PRECAUTIONS | Baladin Riad Essaouira\" \/>\n<meta property=\"og:description\" content=\"For your health and to guarantee your sanitary safety, our establishment respects strict and reinforced precautionary procedures.\" \/>\n<meta property=\"og:url\" content=\"https:\/\/www.riadbaladin.com\/en\/health-precautions\/\" \/>\n<meta property=\"og:site_name\" content=\"RIAD BALADIN ESSAOUIRA\" \/>\n<meta property=\"article:modified_time\" content=\"2020-10-09T12:30:17+00:00\" \/>\n<meta name=\"twitter:card\" content=\"summary_large_image\" \/>\n<script type=\"application\/ld+json\" class=\"yoast-schema-graph\">{\"@context\":\"https:\\\/\\\/schema.org\",\"@graph\":[{\"@type\":\"WebPage\",\"@id\":\"https:\\\/\\\/www.riadbaladin.com\\\/en\\\/health-precautions\\\/\",\"url\":\"https:\\\/\\\/www.riadbaladin.com\\\/en\\\/health-precautions\\\/\",\"name\":\"HEALTH PRECAUTIONS | Baladin Riad Essaouira\",\"isPartOf\":{\"@id\":\"https:\\\/\\\/www.riadbaladin.com\\\/#website\"},\"datePublished\":\"2020-09-16T11:01:48+00:00\",\"dateModified\":\"2020-10-09T12:30:17+00:00\",\"description\":\"For your health and to guarantee your sanitary safety, our establishment respects strict and reinforced precautionary procedures.\",\"breadcrumb\":{\"@id\":\"https:\\\/\\\/www.riadbaladin.com\\\/en\\\/health-precautions\\\/#breadcrumb\"},\"inLanguage\":\"en-US\",\"potentialAction\":[{\"@type\":\"ReadAction\",\"target\":[\"https:\\\/\\\/www.riadbaladin.com\\\/en\\\/health-precautions\\\/\"]}]},{\"@type\":\"BreadcrumbList\",\"@id\":\"https:\\\/\\\/www.riadbaladin.com\\\/en\\\/health-precautions\\\/#breadcrumb\",\"itemListElement\":[{\"@type\":\"ListItem\",\"position\":1,\"name\":\"Accueil\",\"item\":\"https:\\\/\\\/www.riadbaladin.com\\\/\"},{\"@type\":\"ListItem\",\"position\":2,\"name\":\"HEALTH PRECAUTIONS\"}]},{\"@type\":\"WebSite\",\"@id\":\"https:\\\/\\\/www.riadbaladin.com\\\/#website\",\"url\":\"https:\\\/\\\/www.riadbaladin.com\\\/\",\"name\":\"RIAD BALADIN ESSAOUIRA\",\"description\":\"Ce Riad \u00e0 la d\u00e9coration d\u2019inspiration marocaine et africaine est situ\u00e9 au c\u0153ur de la M\u00e9dina d\u2019Essaouira.\",\"potentialAction\":[{\"@type\":\"SearchAction\",\"target\":{\"@type\":\"EntryPoint\",\"urlTemplate\":\"https:\\\/\\\/www.riadbaladin.com\\\/?s={search_term_string}\"},\"query-input\":{\"@type\":\"PropertyValueSpecification\",\"valueRequired\":true,\"valueName\":\"search_term_string\"}}],\"inLanguage\":\"en-US\"}]}<\/script>\n<!-- \/ Yoast SEO plugin. -->","yoast_head_json":{"title":"HEALTH PRECAUTIONS | Baladin Riad Essaouira","description":"For your health and to guarantee your sanitary safety, our establishment respects strict and reinforced precautionary procedures.","robots":{"index":"index","follow":"follow","max-snippet":"max-snippet:-1","max-image-preview":"max-image-preview:large","max-video-preview":"max-video-preview:-1"},"canonical":"https:\/\/www.riadbaladin.com\/en\/health-precautions\/","og_locale":"en_US","og_type":"article","og_title":"HEALTH PRECAUTIONS | Baladin Riad Essaouira","og_description":"For your health and to guarantee your sanitary safety, our establishment respects strict and reinforced precautionary procedures.","og_url":"https:\/\/www.riadbaladin.com\/en\/health-precautions\/","og_site_name":"RIAD BALADIN ESSAOUIRA","article_modified_time":"2020-10-09T12:30:17+00:00","twitter_card":"summary_large_image","schema":{"@context":"https:\/\/schema.org","@graph":[{"@type":"WebPage","@id":"https:\/\/www.riadbaladin.com\/en\/health-precautions\/","url":"https:\/\/www.riadbaladin.com\/en\/health-precautions\/","name":"HEALTH PRECAUTIONS | Baladin Riad Essaouira","isPartOf":{"@id":"https:\/\/www.riadbaladin.com\/#website"},"datePublished":"2020-09-16T11:01:48+00:00","dateModified":"2020-10-09T12:30:17+00:00","description":"For your health and to guarantee your sanitary safety, our establishment respects strict and reinforced precautionary procedures.","breadcrumb":{"@id":"https:\/\/www.riadbaladin.com\/en\/health-precautions\/#breadcrumb"},"inLanguage":"en-US","potentialAction":[{"@type":"ReadAction","target":["https:\/\/www.riadbaladin.com\/en\/health-precautions\/"]}]},{"@type":"BreadcrumbList","@id":"https:\/\/www.riadbaladin.com\/en\/health-precautions\/#breadcrumb","itemListElement":[{"@type":"ListItem","position":1,"name":"Accueil","item":"https:\/\/www.riadbaladin.com\/"},{"@type":"ListItem","position":2,"name":"HEALTH PRECAUTIONS"}]},{"@type":"WebSite","@id":"https:\/\/www.riadbaladin.com\/#website","url":"https:\/\/www.riadbaladin.com\/","name":"RIAD BALADIN ESSAOUIRA","description":"Ce Riad \u00e0 la d\u00e9coration d\u2019inspiration marocaine et africaine est situ\u00e9 au c\u0153ur de la M\u00e9dina d\u2019Essaouira.","potentialAction":[{"@type":"SearchAction","target":{"@type":"EntryPoint","urlTemplate":"https:\/\/www.riadbaladin.com\/?s={search_term_string}"},"query-input":{"@type":"PropertyValueSpecification","valueRequired":true,"valueName":"search_term_string"}}],"inLanguage":"en-US"}]}},"_links":{"self":[{"href":"https:\/\/www.riadbaladin.com\/en\/wp-json\/wp\/v2\/pages\/1894","targetHints":{"allow":["GET"]}}],"collection":[{"href":"https:\/\/www.riadbaladin.com\/en\/wp-json\/wp\/v2\/pages"}],"about":[{"href":"https:\/\/www.riadbaladin.com\/en\/wp-json\/wp\/v2\/types\/page"}],"author":[{"embeddable":true,"href":"https:\/\/www.riadbaladin.com\/en\/wp-json\/wp\/v2\/users\/1"}],"replies":[{"embeddable":true,"href":"https:\/\/www.riadbaladin.com\/en\/wp-json\/wp\/v2\/comments?post=1894"}],"version-history":[{"count":0,"href":"https:\/\/www.riadbaladin.com\/en\/wp-json\/wp\/v2\/pages\/1894\/revisions"}],"wp:attachment":[{"href":"https:\/\/www.riadbaladin.com\/en\/wp-json\/wp\/v2\/media?parent=1894"}],"curies":[{"name":"wp","href":"https:\/\/api.w.org\/{rel}","templated":true}]}}