{"id":1900,"date":"2020-09-16T13:11:13","date_gmt":"2020-09-16T11:11:13","guid":{"rendered":"https:\/\/www.riadbaladin.com\/restaurant\/"},"modified":"2020-10-09T14:32:13","modified_gmt":"2020-10-09T12:32:13","slug":"restaurant","status":"publish","type":"page","link":"https:\/\/www.riadbaladin.com\/en\/restaurant\/","title":{"rendered":"RESTAURANT"},"content":{"rendered":"\t\t<div data-elementor-type=\"wp-page\" data-elementor-id=\"1900\" class=\"elementor elementor-1900 elementor-155\">\n\t\t\t\t\t\t<section class=\"elementor-section elementor-top-section elementor-element elementor-element-3ae942a elementor-section-height-min-height elementor-section-items-bottom elementor-section-boxed elementor-section-height-default\" data-id=\"3ae942a\" data-element_type=\"section\" data-e-type=\"section\" data-settings=\"{&quot;jet_parallax_layout_list&quot;:[{&quot;jet_parallax_layout_image&quot;:{&quot;url&quot;:&quot;&quot;,&quot;id&quot;:&quot;&quot;,&quot;size&quot;:&quot;&quot;},&quot;_id&quot;:&quot;b7e7a5d&quot;,&quot;jet_parallax_layout_image_tablet&quot;:{&quot;url&quot;:&quot;&quot;,&quot;id&quot;:&quot;&quot;,&quot;size&quot;:&quot;&quot;},&quot;jet_parallax_layout_image_mobile&quot;:{&quot;url&quot;:&quot;&quot;,&quot;id&quot;:&quot;&quot;,&quot;size&quot;:&quot;&quot;},&quot;jet_parallax_layout_speed&quot;:{&quot;unit&quot;:&quot;%&quot;,&quot;size&quot;:50,&quot;sizes&quot;:[]},&quot;jet_parallax_layout_type&quot;:&quot;scroll&quot;,&quot;jet_parallax_layout_direction&quot;:&quot;1&quot;,&quot;jet_parallax_layout_fx_direction&quot;:null,&quot;jet_parallax_layout_z_index&quot;:&quot;&quot;,&quot;jet_parallax_layout_bg_x&quot;:50,&quot;jet_parallax_layout_bg_x_tablet&quot;:&quot;&quot;,&quot;jet_parallax_layout_bg_x_mobile&quot;:&quot;&quot;,&quot;jet_parallax_layout_bg_y&quot;:50,&quot;jet_parallax_layout_bg_y_tablet&quot;:&quot;&quot;,&quot;jet_parallax_layout_bg_y_mobile&quot;:&quot;&quot;,&quot;jet_parallax_layout_bg_size&quot;:&quot;auto&quot;,&quot;jet_parallax_layout_bg_size_tablet&quot;:&quot;&quot;,&quot;jet_parallax_layout_bg_size_mobile&quot;:&quot;&quot;,&quot;jet_parallax_layout_animation_prop&quot;:&quot;transform&quot;,&quot;jet_parallax_layout_on&quot;:[&quot;desktop&quot;,&quot;tablet&quot;]}],&quot;background_background&quot;:&quot;classic&quot;}\">\n\t\t\t\t\t\t<div class=\"elementor-container elementor-column-gap-default\">\n\t\t\t\t\t<div class=\"elementor-column elementor-col-100 elementor-top-column elementor-element elementor-element-43e085c\" data-id=\"43e085c\" data-element_type=\"column\" data-e-type=\"column\">\n\t\t\t<div class=\"elementor-widget-wrap elementor-element-populated\">\n\t\t\t\t\t\t<div class=\"elementor-element elementor-element-c44c177 elementor-hidden-phone elementor-view-default elementor-widget elementor-widget-icon\" data-id=\"c44c177\" data-element_type=\"widget\" data-e-type=\"widget\" data-widget_type=\"icon.default\">\n\t\t\t\t<div class=\"elementor-widget-container\">\n\t\t\t\t\t\t\t<div class=\"elementor-icon-wrapper\">\n\t\t\t<a class=\"elementor-icon\" href=\"#bas\">\n\t\t\t<i aria-hidden=\"true\" class=\"fas fa-angle-down\"><\/i>\t\t\t<\/a>\n\t\t<\/div>\n\t\t\t\t\t\t<\/div>\n\t\t\t\t<\/div>\n\t\t\t\t\t<\/div>\n\t\t<\/div>\n\t\t\t\t\t<\/div>\n\t\t<\/section>\n\t\t\t\t<section class=\"elementor-section elementor-top-section elementor-element elementor-element-a269aca elementor-section-boxed elementor-section-height-default elementor-section-height-default\" data-id=\"a269aca\" data-element_type=\"section\" data-e-type=\"section\" data-settings=\"{&quot;jet_parallax_layout_list&quot;:[{&quot;jet_parallax_layout_image&quot;:{&quot;url&quot;:&quot;&quot;,&quot;id&quot;:&quot;&quot;,&quot;size&quot;:&quot;&quot;},&quot;_id&quot;:&quot;ac91769&quot;,&quot;jet_parallax_layout_speed&quot;:{&quot;unit&quot;:&quot;%&quot;,&quot;size&quot;:&quot;50&quot;,&quot;sizes&quot;:[]},&quot;jet_parallax_layout_bg_x&quot;:&quot;50&quot;,&quot;jet_parallax_layout_bg_y&quot;:&quot;50&quot;,&quot;jet_parallax_layout_image_tablet&quot;:{&quot;url&quot;:&quot;&quot;,&quot;id&quot;:&quot;&quot;,&quot;size&quot;:&quot;&quot;},&quot;jet_parallax_layout_image_mobile&quot;:{&quot;url&quot;:&quot;&quot;,&quot;id&quot;:&quot;&quot;,&quot;size&quot;:&quot;&quot;},&quot;jet_parallax_layout_type&quot;:&quot;scroll&quot;,&quot;jet_parallax_layout_direction&quot;:&quot;1&quot;,&quot;jet_parallax_layout_fx_direction&quot;:null,&quot;jet_parallax_layout_z_index&quot;:&quot;&quot;,&quot;jet_parallax_layout_bg_x_tablet&quot;:&quot;&quot;,&quot;jet_parallax_layout_bg_x_mobile&quot;:&quot;&quot;,&quot;jet_parallax_layout_bg_y_tablet&quot;:&quot;&quot;,&quot;jet_parallax_layout_bg_y_mobile&quot;:&quot;&quot;,&quot;jet_parallax_layout_bg_size&quot;:&quot;auto&quot;,&quot;jet_parallax_layout_bg_size_tablet&quot;:&quot;&quot;,&quot;jet_parallax_layout_bg_size_mobile&quot;:&quot;&quot;,&quot;jet_parallax_layout_animation_prop&quot;:&quot;transform&quot;,&quot;jet_parallax_layout_on&quot;:[&quot;desktop&quot;,&quot;tablet&quot;]}],&quot;background_background&quot;:&quot;classic&quot;}\">\n\t\t\t\t\t\t<div class=\"elementor-container elementor-column-gap-no\">\n\t\t\t\t\t<div class=\"elementor-column elementor-col-100 elementor-top-column elementor-element elementor-element-01ce778\" data-id=\"01ce778\" data-element_type=\"column\" data-e-type=\"column\">\n\t\t\t<div class=\"elementor-widget-wrap elementor-element-populated\">\n\t\t\t\t\t\t<div class=\"elementor-element elementor-element-adbce41 elementor-widget elementor-widget-heading\" data-id=\"adbce41\" data-element_type=\"widget\" data-e-type=\"widget\" data-widget_type=\"heading.default\">\n\t\t\t\t<div class=\"elementor-widget-container\">\n\t\t\t\t\t<h1 class=\"elementor-heading-title elementor-size-default\">Restaurant<\/h1>\t\t\t\t<\/div>\n\t\t\t\t<\/div>\n\t\t\t\t\t<\/div>\n\t\t<\/div>\n\t\t\t\t\t<\/div>\n\t\t<\/section>\n\t\t\t\t<section class=\"elementor-section elementor-top-section elementor-element elementor-element-2b0907d elementor-section-boxed elementor-section-height-default elementor-section-height-default\" data-id=\"2b0907d\" data-element_type=\"section\" data-e-type=\"section\" data-settings=\"{&quot;jet_parallax_layout_list&quot;:[{&quot;jet_parallax_layout_image&quot;:{&quot;url&quot;:&quot;&quot;,&quot;id&quot;:&quot;&quot;,&quot;size&quot;:&quot;&quot;},&quot;_id&quot;:&quot;3e05b76&quot;,&quot;jet_parallax_layout_image_tablet&quot;:{&quot;url&quot;:&quot;&quot;,&quot;id&quot;:&quot;&quot;,&quot;size&quot;:&quot;&quot;},&quot;jet_parallax_layout_image_mobile&quot;:{&quot;url&quot;:&quot;&quot;,&quot;id&quot;:&quot;&quot;,&quot;size&quot;:&quot;&quot;},&quot;jet_parallax_layout_speed&quot;:{&quot;unit&quot;:&quot;%&quot;,&quot;size&quot;:50,&quot;sizes&quot;:[]},&quot;jet_parallax_layout_type&quot;:&quot;scroll&quot;,&quot;jet_parallax_layout_direction&quot;:&quot;1&quot;,&quot;jet_parallax_layout_fx_direction&quot;:null,&quot;jet_parallax_layout_z_index&quot;:&quot;&quot;,&quot;jet_parallax_layout_bg_x&quot;:50,&quot;jet_parallax_layout_bg_x_tablet&quot;:&quot;&quot;,&quot;jet_parallax_layout_bg_x_mobile&quot;:&quot;&quot;,&quot;jet_parallax_layout_bg_y&quot;:50,&quot;jet_parallax_layout_bg_y_tablet&quot;:&quot;&quot;,&quot;jet_parallax_layout_bg_y_mobile&quot;:&quot;&quot;,&quot;jet_parallax_layout_bg_size&quot;:&quot;auto&quot;,&quot;jet_parallax_layout_bg_size_tablet&quot;:&quot;&quot;,&quot;jet_parallax_layout_bg_size_mobile&quot;:&quot;&quot;,&quot;jet_parallax_layout_animation_prop&quot;:&quot;transform&quot;,&quot;jet_parallax_layout_on&quot;:[&quot;desktop&quot;,&quot;tablet&quot;]}]}\">\n\t\t\t\t\t\t<div class=\"elementor-container elementor-column-gap-default\">\n\t\t\t\t\t<div class=\"elementor-column elementor-col-50 elementor-top-column elementor-element elementor-element-c2fa91a\" data-id=\"c2fa91a\" data-element_type=\"column\" data-e-type=\"column\">\n\t\t\t<div class=\"elementor-widget-wrap elementor-element-populated\">\n\t\t\t\t\t\t<div class=\"elementor-element elementor-element-67b85b2 elementor-widget elementor-widget-image\" data-id=\"67b85b2\" data-element_type=\"widget\" data-e-type=\"widget\" data-widget_type=\"image.default\">\n\t\t\t\t<div class=\"elementor-widget-container\">\n\t\t\t\t\t\t\t\t\t\t\t\t\t\t\t<img fetchpriority=\"high\" decoding=\"async\" width=\"2000\" height=\"1500\" src=\"https:\/\/www.riadbaladin.com\/wp-content\/uploads\/2020\/10\/riadbaladin-1.jpg\" class=\"attachment-full size-full wp-image-1953\" alt=\"RIAD BALADIN ESSAOUIRA | RESTAURANT\" srcset=\"https:\/\/www.riadbaladin.com\/wp-content\/uploads\/2020\/10\/riadbaladin-1.jpg 2000w, https:\/\/www.riadbaladin.com\/wp-content\/uploads\/2020\/10\/riadbaladin-1-300x225.jpg 300w, https:\/\/www.riadbaladin.com\/wp-content\/uploads\/2020\/10\/riadbaladin-1-1024x768.jpg 1024w, https:\/\/www.riadbaladin.com\/wp-content\/uploads\/2020\/10\/riadbaladin-1-768x576.jpg 768w, https:\/\/www.riadbaladin.com\/wp-content\/uploads\/2020\/10\/riadbaladin-1-1536x1152.jpg 1536w\" sizes=\"(max-width: 2000px) 100vw, 2000px\" \/>\t\t\t\t\t\t\t\t\t\t\t\t\t\t\t<\/div>\n\t\t\t\t<\/div>\n\t\t\t\t\t<\/div>\n\t\t<\/div>\n\t\t\t\t<div class=\"elementor-column elementor-col-50 elementor-top-column elementor-element elementor-element-c75d587\" data-id=\"c75d587\" data-element_type=\"column\" data-e-type=\"column\">\n\t\t\t<div class=\"elementor-widget-wrap elementor-element-populated\">\n\t\t\t\t\t\t<div class=\"elementor-element elementor-element-2316d1a elementor-widget elementor-widget-text-editor\" data-id=\"2316d1a\" data-element_type=\"widget\" data-e-type=\"widget\" data-widget_type=\"text-editor.default\">\n\t\t\t\t<div class=\"elementor-widget-container\">\n\t\t\t\t\t\t\t\t\t<p>Pasta Baladin&#8221; is a typical good Italian Pasta-Bar in the center of the Medina of Essaouira near the historical square &#8220;Skala&#8221;.<\/p>\n<p>Reservation : <a style=\"color: #000;\" href=\"tel:+212678419274\">+212 6 78 41 92 74<\/a><\/p>\n\t\t\t\t\t\t\t\t<\/div>\n\t\t\t\t<\/div>\n\t\t\t\t<div class=\"elementor-element elementor-element-d00e721 elementor-align-right elementor-invisible elementor-widget elementor-widget-raven-button\" data-id=\"d00e721\" data-element_type=\"widget\" data-e-type=\"widget\" data-settings=\"{&quot;_animation&quot;:&quot;fadeInUp&quot;,&quot;turn_to_popup_action_button&quot;:&quot;no&quot;}\" data-widget_type=\"raven-button.default\">\n\t\t\t\t<div class=\"elementor-widget-container\">\n\t\t\t\t\t\t\t<div class=\"raven-widget-wrapper\">\n\t\t\t<a class=\"raven-button raven-button-widget-normal-effect-none  raven-button-text-align-center raven-button-link elementor-animation-shrink\" href=\"\/wp-content\/uploads\/2020\/06\/menu-riadbaladin.pdf\" target=\"_blank\">\t\t\t\t<div class=\"raven-button-overlay\" ><\/div>\n\t\t\t\t<span class=\"raven-button-content\">\n\t\t\t\t\t\n\t\t\t\t\t<div class=\"button-text-container\">\n\t\t\t\t\t\t\t\t\t\t\t\t<div class=\"raven-button-texts-wrapper\">\n\t\t\t\t\t\t\t<div class=\"button-text\">\n\t\t\t\t\t\t\t\t<span class=\"raven-button-text\">\n\t\t\t\t\t\t\t\t\tSee menu\t\t\t\t\t\t\t\t<\/span>\n\t\t\t\t\t\t\t<\/div>\n\t\t\t\t\t\t\t\t\t\t\t\t\t<\/div>\n\t\t\t\t\t\t\t\t\t\t\t<\/div>\n\t\t\t\t\t\n\t\t\t\t\t\t\t\t\t<\/span>\n\t\t\t<\/a>\t\t<\/div>\n\t\t\t\t\t\t<\/div>\n\t\t\t\t<\/div>\n\t\t\t\t\t<\/div>\n\t\t<\/div>\n\t\t\t\t\t<\/div>\n\t\t<\/section>\n\t\t\t\t<section class=\"elementor-section elementor-top-section elementor-element elementor-element-5bb0646 elementor-section-boxed elementor-section-height-default elementor-section-height-default\" data-id=\"5bb0646\" data-element_type=\"section\" data-e-type=\"section\" data-settings=\"{&quot;jet_parallax_layout_list&quot;:[{&quot;jet_parallax_layout_image&quot;:{&quot;url&quot;:&quot;&quot;,&quot;id&quot;:&quot;&quot;,&quot;size&quot;:&quot;&quot;},&quot;_id&quot;:&quot;3e05b76&quot;,&quot;jet_parallax_layout_image_tablet&quot;:{&quot;url&quot;:&quot;&quot;,&quot;id&quot;:&quot;&quot;,&quot;size&quot;:&quot;&quot;},&quot;jet_parallax_layout_image_mobile&quot;:{&quot;url&quot;:&quot;&quot;,&quot;id&quot;:&quot;&quot;,&quot;size&quot;:&quot;&quot;},&quot;jet_parallax_layout_speed&quot;:{&quot;unit&quot;:&quot;%&quot;,&quot;size&quot;:50,&quot;sizes&quot;:[]},&quot;jet_parallax_layout_type&quot;:&quot;scroll&quot;,&quot;jet_parallax_layout_direction&quot;:&quot;1&quot;,&quot;jet_parallax_layout_fx_direction&quot;:null,&quot;jet_parallax_layout_z_index&quot;:&quot;&quot;,&quot;jet_parallax_layout_bg_x&quot;:50,&quot;jet_parallax_layout_bg_x_tablet&quot;:&quot;&quot;,&quot;jet_parallax_layout_bg_x_mobile&quot;:&quot;&quot;,&quot;jet_parallax_layout_bg_y&quot;:50,&quot;jet_parallax_layout_bg_y_tablet&quot;:&quot;&quot;,&quot;jet_parallax_layout_bg_y_mobile&quot;:&quot;&quot;,&quot;jet_parallax_layout_bg_size&quot;:&quot;auto&quot;,&quot;jet_parallax_layout_bg_size_tablet&quot;:&quot;&quot;,&quot;jet_parallax_layout_bg_size_mobile&quot;:&quot;&quot;,&quot;jet_parallax_layout_animation_prop&quot;:&quot;transform&quot;,&quot;jet_parallax_layout_on&quot;:[&quot;desktop&quot;,&quot;tablet&quot;]}]}\">\n\t\t\t\t\t\t<div class=\"elementor-container elementor-column-gap-default\">\n\t\t\t\t\t<div class=\"elementor-column elementor-col-50 elementor-top-column elementor-element elementor-element-f88df8f\" data-id=\"f88df8f\" data-element_type=\"column\" data-e-type=\"column\">\n\t\t\t<div class=\"elementor-widget-wrap elementor-element-populated\">\n\t\t\t\t\t\t<div class=\"elementor-element elementor-element-959c197 elementor-widget elementor-widget-image\" data-id=\"959c197\" data-element_type=\"widget\" data-e-type=\"widget\" data-widget_type=\"image.default\">\n\t\t\t\t<div class=\"elementor-widget-container\">\n\t\t\t\t\t\t\t\t\t\t\t\t\t\t\t<img decoding=\"async\" width=\"2000\" height=\"1500\" src=\"https:\/\/www.riadbaladin.com\/wp-content\/uploads\/2020\/06\/IMG_20200211_121805.jpeg\" class=\"attachment-full size-full wp-image-1810\" alt=\"RIAD BALADIN ESSAOUIRA | RESTAURANT\" srcset=\"https:\/\/www.riadbaladin.com\/wp-content\/uploads\/2020\/06\/IMG_20200211_121805.jpeg 2000w, https:\/\/www.riadbaladin.com\/wp-content\/uploads\/2020\/06\/IMG_20200211_121805-300x225.jpeg 300w, https:\/\/www.riadbaladin.com\/wp-content\/uploads\/2020\/06\/IMG_20200211_121805-1024x768.jpeg 1024w, https:\/\/www.riadbaladin.com\/wp-content\/uploads\/2020\/06\/IMG_20200211_121805-768x576.jpeg 768w, https:\/\/www.riadbaladin.com\/wp-content\/uploads\/2020\/06\/IMG_20200211_121805-1536x1152.jpeg 1536w\" sizes=\"(max-width: 2000px) 100vw, 2000px\" \/>\t\t\t\t\t\t\t\t\t\t\t\t\t\t\t<\/div>\n\t\t\t\t<\/div>\n\t\t\t\t<div class=\"elementor-element elementor-element-fdc4c5f elementor-widget elementor-widget-image\" data-id=\"fdc4c5f\" data-element_type=\"widget\" data-e-type=\"widget\" data-widget_type=\"image.default\">\n\t\t\t\t<div class=\"elementor-widget-container\">\n\t\t\t\t\t\t\t\t\t\t\t\t\t\t\t<img decoding=\"async\" width=\"891\" height=\"1024\" src=\"https:\/\/www.riadbaladin.com\/wp-content\/uploads\/2020\/10\/riadbaladin-2-1-891x1024.jpg\" class=\"attachment-large size-large wp-image-1958\" alt=\"RIAD BALADIN ESSAOUIRA | RESTAURANT\" srcset=\"https:\/\/www.riadbaladin.com\/wp-content\/uploads\/2020\/10\/riadbaladin-2-1-891x1024.jpg 891w, https:\/\/www.riadbaladin.com\/wp-content\/uploads\/2020\/10\/riadbaladin-2-1-261x300.jpg 261w, https:\/\/www.riadbaladin.com\/wp-content\/uploads\/2020\/10\/riadbaladin-2-1-768x883.jpg 768w, https:\/\/www.riadbaladin.com\/wp-content\/uploads\/2020\/10\/riadbaladin-2-1-1336x1536.jpg 1336w, https:\/\/www.riadbaladin.com\/wp-content\/uploads\/2020\/10\/riadbaladin-2-1.jpg 1600w\" sizes=\"(max-width: 891px) 100vw, 891px\" \/>\t\t\t\t\t\t\t\t\t\t\t\t\t\t\t<\/div>\n\t\t\t\t<\/div>\n\t\t\t\t\t<\/div>\n\t\t<\/div>\n\t\t\t\t<div class=\"elementor-column elementor-col-50 elementor-top-column elementor-element elementor-element-7bcff94\" data-id=\"7bcff94\" data-element_type=\"column\" data-e-type=\"column\">\n\t\t\t<div class=\"elementor-widget-wrap elementor-element-populated\">\n\t\t\t\t\t\t<div class=\"elementor-element elementor-element-9364326 elementor-widget elementor-widget-image\" data-id=\"9364326\" data-element_type=\"widget\" data-e-type=\"widget\" data-widget_type=\"image.default\">\n\t\t\t\t<div class=\"elementor-widget-container\">\n\t\t\t\t\t\t\t\t\t\t\t\t\t\t\t<img loading=\"lazy\" decoding=\"async\" width=\"1920\" height=\"2560\" src=\"https:\/\/www.riadbaladin.com\/wp-content\/uploads\/2020\/06\/IMG_20200211_204937-scaled.jpeg\" class=\"attachment-full size-full wp-image-1811\" alt=\"RIAD BALADIN ESSAOUIRA | RESTAURANT\" srcset=\"https:\/\/www.riadbaladin.com\/wp-content\/uploads\/2020\/06\/IMG_20200211_204937-scaled.jpeg 1920w, https:\/\/www.riadbaladin.com\/wp-content\/uploads\/2020\/06\/IMG_20200211_204937-225x300.jpeg 225w, https:\/\/www.riadbaladin.com\/wp-content\/uploads\/2020\/06\/IMG_20200211_204937-768x1024.jpeg 768w, https:\/\/www.riadbaladin.com\/wp-content\/uploads\/2020\/06\/IMG_20200211_204937-1152x1536.jpeg 1152w, https:\/\/www.riadbaladin.com\/wp-content\/uploads\/2020\/06\/IMG_20200211_204937-1536x2048.jpeg 1536w\" sizes=\"(max-width: 1920px) 100vw, 1920px\" \/>\t\t\t\t\t\t\t\t\t\t\t\t\t\t\t<\/div>\n\t\t\t\t<\/div>\n\t\t\t\t\t<\/div>\n\t\t<\/div>\n\t\t\t\t\t<\/div>\n\t\t<\/section>\n\t\t\t\t<\/div>\n\t\t","protected":false},"excerpt":{"rendered":"<p>Restaurant Pasta Baladin&#8221; is a typical good Italian Pasta-Bar in the center of the Medina of Essaouira near the historical square &#8220;Skala&#8221;. Reservation : +212 6 78 41 92 74 See menu<\/p>\n","protected":false},"author":1,"featured_media":0,"parent":0,"menu_order":0,"comment_status":"closed","ping_status":"closed","template":"full-width.php","meta":{"_acf_changed":false,"footnotes":""},"class_list":["post-1900","page","type-page","status-publish","hentry"],"acf":[],"yoast_head":"<!-- This site is optimized with the Yoast SEO plugin v27.4 - https:\/\/yoast.com\/product\/yoast-seo-wordpress\/ -->\n<title>RESTAURANT PASTA BALADIN | Riad Baladin Essaouira<\/title>\n<meta name=\"description\" content=\"Typical Italian Pasta-Bar in the center of the Medina of Essaouira near the historical square &quot;Skala&quot;.\" \/>\n<meta name=\"robots\" content=\"index, follow, max-snippet:-1, max-image-preview:large, max-video-preview:-1\" \/>\n<link rel=\"canonical\" href=\"https:\/\/www.riadbaladin.com\/en\/restaurant\/\" \/>\n<meta property=\"og:locale\" content=\"en_US\" \/>\n<meta property=\"og:type\" content=\"article\" \/>\n<meta property=\"og:title\" content=\"RESTAURANT PASTA BALADIN | Riad Baladin Essaouira\" \/>\n<meta property=\"og:description\" content=\"Typical Italian Pasta-Bar in the center of the Medina of Essaouira near the historical square &quot;Skala&quot;.\" \/>\n<meta property=\"og:url\" content=\"https:\/\/www.riadbaladin.com\/en\/restaurant\/\" \/>\n<meta property=\"og:site_name\" content=\"RIAD BALADIN ESSAOUIRA\" \/>\n<meta property=\"article:modified_time\" content=\"2020-10-09T12:32:13+00:00\" \/>\n<meta property=\"og:image\" content=\"https:\/\/www.riadbaladin.com\/wp-content\/uploads\/2020\/10\/riadbaladin-1.jpg\" \/>\n<meta name=\"twitter:card\" content=\"summary_large_image\" \/>\n<script type=\"application\/ld+json\" class=\"yoast-schema-graph\">{\"@context\":\"https:\\\/\\\/schema.org\",\"@graph\":[{\"@type\":\"WebPage\",\"@id\":\"https:\\\/\\\/www.riadbaladin.com\\\/en\\\/restaurant\\\/\",\"url\":\"https:\\\/\\\/www.riadbaladin.com\\\/en\\\/restaurant\\\/\",\"name\":\"RESTAURANT PASTA BALADIN | Riad Baladin Essaouira\",\"isPartOf\":{\"@id\":\"https:\\\/\\\/www.riadbaladin.com\\\/#website\"},\"primaryImageOfPage\":{\"@id\":\"https:\\\/\\\/www.riadbaladin.com\\\/en\\\/restaurant\\\/#primaryimage\"},\"image\":{\"@id\":\"https:\\\/\\\/www.riadbaladin.com\\\/en\\\/restaurant\\\/#primaryimage\"},\"thumbnailUrl\":\"https:\\\/\\\/www.riadbaladin.com\\\/wp-content\\\/uploads\\\/2020\\\/10\\\/riadbaladin-1.jpg\",\"datePublished\":\"2020-09-16T11:11:13+00:00\",\"dateModified\":\"2020-10-09T12:32:13+00:00\",\"description\":\"Typical Italian Pasta-Bar in the center of the Medina of Essaouira near the historical square \\\"Skala\\\".\",\"breadcrumb\":{\"@id\":\"https:\\\/\\\/www.riadbaladin.com\\\/en\\\/restaurant\\\/#breadcrumb\"},\"inLanguage\":\"en-US\",\"potentialAction\":[{\"@type\":\"ReadAction\",\"target\":[\"https:\\\/\\\/www.riadbaladin.com\\\/en\\\/restaurant\\\/\"]}]},{\"@type\":\"ImageObject\",\"inLanguage\":\"en-US\",\"@id\":\"https:\\\/\\\/www.riadbaladin.com\\\/en\\\/restaurant\\\/#primaryimage\",\"url\":\"https:\\\/\\\/www.riadbaladin.com\\\/wp-content\\\/uploads\\\/2020\\\/10\\\/riadbaladin-1.jpg\",\"contentUrl\":\"https:\\\/\\\/www.riadbaladin.com\\\/wp-content\\\/uploads\\\/2020\\\/10\\\/riadbaladin-1.jpg\"},{\"@type\":\"BreadcrumbList\",\"@id\":\"https:\\\/\\\/www.riadbaladin.com\\\/en\\\/restaurant\\\/#breadcrumb\",\"itemListElement\":[{\"@type\":\"ListItem\",\"position\":1,\"name\":\"Accueil\",\"item\":\"https:\\\/\\\/www.riadbaladin.com\\\/\"},{\"@type\":\"ListItem\",\"position\":2,\"name\":\"RESTAURANT\"}]},{\"@type\":\"WebSite\",\"@id\":\"https:\\\/\\\/www.riadbaladin.com\\\/#website\",\"url\":\"https:\\\/\\\/www.riadbaladin.com\\\/\",\"name\":\"RIAD BALADIN ESSAOUIRA\",\"description\":\"Ce Riad \u00e0 la d\u00e9coration d\u2019inspiration marocaine et africaine est situ\u00e9 au c\u0153ur de la M\u00e9dina d\u2019Essaouira.\",\"potentialAction\":[{\"@type\":\"SearchAction\",\"target\":{\"@type\":\"EntryPoint\",\"urlTemplate\":\"https:\\\/\\\/www.riadbaladin.com\\\/?s={search_term_string}\"},\"query-input\":{\"@type\":\"PropertyValueSpecification\",\"valueRequired\":true,\"valueName\":\"search_term_string\"}}],\"inLanguage\":\"en-US\"}]}<\/script>\n<!-- \/ Yoast SEO plugin. -->","yoast_head_json":{"title":"RESTAURANT PASTA BALADIN | Riad Baladin Essaouira","description":"Typical Italian Pasta-Bar in the center of the Medina of Essaouira near the historical square \"Skala\".","robots":{"index":"index","follow":"follow","max-snippet":"max-snippet:-1","max-image-preview":"max-image-preview:large","max-video-preview":"max-video-preview:-1"},"canonical":"https:\/\/www.riadbaladin.com\/en\/restaurant\/","og_locale":"en_US","og_type":"article","og_title":"RESTAURANT PASTA BALADIN | Riad Baladin Essaouira","og_description":"Typical Italian Pasta-Bar in the center of the Medina of Essaouira near the historical square \"Skala\".","og_url":"https:\/\/www.riadbaladin.com\/en\/restaurant\/","og_site_name":"RIAD BALADIN ESSAOUIRA","article_modified_time":"2020-10-09T12:32:13+00:00","og_image":[{"url":"https:\/\/www.riadbaladin.com\/wp-content\/uploads\/2020\/10\/riadbaladin-1.jpg","type":"","width":"","height":""}],"twitter_card":"summary_large_image","schema":{"@context":"https:\/\/schema.org","@graph":[{"@type":"WebPage","@id":"https:\/\/www.riadbaladin.com\/en\/restaurant\/","url":"https:\/\/www.riadbaladin.com\/en\/restaurant\/","name":"RESTAURANT PASTA BALADIN | Riad Baladin Essaouira","isPartOf":{"@id":"https:\/\/www.riadbaladin.com\/#website"},"primaryImageOfPage":{"@id":"https:\/\/www.riadbaladin.com\/en\/restaurant\/#primaryimage"},"image":{"@id":"https:\/\/www.riadbaladin.com\/en\/restaurant\/#primaryimage"},"thumbnailUrl":"https:\/\/www.riadbaladin.com\/wp-content\/uploads\/2020\/10\/riadbaladin-1.jpg","datePublished":"2020-09-16T11:11:13+00:00","dateModified":"2020-10-09T12:32:13+00:00","description":"Typical Italian Pasta-Bar in the center of the Medina of Essaouira near the historical square \"Skala\".","breadcrumb":{"@id":"https:\/\/www.riadbaladin.com\/en\/restaurant\/#breadcrumb"},"inLanguage":"en-US","potentialAction":[{"@type":"ReadAction","target":["https:\/\/www.riadbaladin.com\/en\/restaurant\/"]}]},{"@type":"ImageObject","inLanguage":"en-US","@id":"https:\/\/www.riadbaladin.com\/en\/restaurant\/#primaryimage","url":"https:\/\/www.riadbaladin.com\/wp-content\/uploads\/2020\/10\/riadbaladin-1.jpg","contentUrl":"https:\/\/www.riadbaladin.com\/wp-content\/uploads\/2020\/10\/riadbaladin-1.jpg"},{"@type":"BreadcrumbList","@id":"https:\/\/www.riadbaladin.com\/en\/restaurant\/#breadcrumb","itemListElement":[{"@type":"ListItem","position":1,"name":"Accueil","item":"https:\/\/www.riadbaladin.com\/"},{"@type":"ListItem","position":2,"name":"RESTAURANT"}]},{"@type":"WebSite","@id":"https:\/\/www.riadbaladin.com\/#website","url":"https:\/\/www.riadbaladin.com\/","name":"RIAD BALADIN ESSAOUIRA","description":"Ce Riad \u00e0 la d\u00e9coration d\u2019inspiration marocaine et africaine est situ\u00e9 au c\u0153ur de la M\u00e9dina d\u2019Essaouira.","potentialAction":[{"@type":"SearchAction","target":{"@type":"EntryPoint","urlTemplate":"https:\/\/www.riadbaladin.com\/?s={search_term_string}"},"query-input":{"@type":"PropertyValueSpecification","valueRequired":true,"valueName":"search_term_string"}}],"inLanguage":"en-US"}]}},"_links":{"self":[{"href":"https:\/\/www.riadbaladin.com\/en\/wp-json\/wp\/v2\/pages\/1900","targetHints":{"allow":["GET"]}}],"collection":[{"href":"https:\/\/www.riadbaladin.com\/en\/wp-json\/wp\/v2\/pages"}],"about":[{"href":"https:\/\/www.riadbaladin.com\/en\/wp-json\/wp\/v2\/types\/page"}],"author":[{"embeddable":true,"href":"https:\/\/www.riadbaladin.com\/en\/wp-json\/wp\/v2\/users\/1"}],"replies":[{"embeddable":true,"href":"https:\/\/www.riadbaladin.com\/en\/wp-json\/wp\/v2\/comments?post=1900"}],"version-history":[{"count":0,"href":"https:\/\/www.riadbaladin.com\/en\/wp-json\/wp\/v2\/pages\/1900\/revisions"}],"wp:attachment":[{"href":"https:\/\/www.riadbaladin.com\/en\/wp-json\/wp\/v2\/media?parent=1900"}],"curies":[{"name":"wp","href":"https:\/\/api.w.org\/{rel}","templated":true}]}}